{"id":1394,"date":"2023-04-01T19:33:01","date_gmt":"2023-04-01T19:33:01","guid":{"rendered":"https:\/\/salud.campeche.gob.mx\/?page_id=1394"},"modified":"2023-04-17T19:38:11","modified_gmt":"2023-04-17T19:38:11","slug":"servicio-social-de-enfermeria","status":"publish","type":"page","link":"https:\/\/salud.campeche.gob.mx\/?page_id=1394","title":{"rendered":"Servicio Social de Enfermer\u00eda"},"content":{"rendered":"<p>[et_pb_section fb_built=\u00bb1&#8243; _builder_version=\u00bb4.5.0&#8243; _module_preset=\u00bbdefault\u00bb background_color=\u00bb#91293a\u00bb background_image=\u00bbhttps:\/\/salud.campeche.gob.mx\/wp-content\/uploads\/2022\/12\/fondorojo-1.jpg\u00bb width=\u00bb100%\u00bb max_width=\u00bb100%\u00bb min_height=\u00bb20%\u00bb height=\u00bb18%\u00bb max_height=\u00bb20%\u00bb custom_margin=\u00bb||0px||false|false\u00bb custom_padding=\u00bb||0px|||\u00bb][et_pb_row _builder_version=\u00bb4.5.0&#8243; _module_preset=\u00bbdefault\u00bb max_width=\u00bb100%\u00bb][et_pb_column type=\u00bb4_4&#8243; _builder_version=\u00bb4.5.0&#8243; _module_preset=\u00bbdefault\u00bb][et_pb_blurb title=\u00bbServicio Social de Enfermer\u00eda\u00bb image=\u00bbhttps:\/\/salud.campeche.gob.mx\/wp-content\/uploads\/2023\/04\/enfermeria-blanco.png\u00bb image_max_width=\u00bb4em\u00bb content_max_width=\u00bb25em\u00bb font_icon_tablet=\u00bb\u00bb font_icon_phone=\u00bb\u00bb font_icon_last_edited=\u00bbon|desktop\u00bb _builder_version=\u00bb4.5.0&#8243; _module_preset=\u00bbdefault\u00bb header_font=\u00bb|700|||||||\u00bb header_text_align=\u00bbcenter\u00bb header_text_color=\u00bb#ffffff\u00bb header_font_size=\u00bb2em\u00bb header_line_height=\u00bb1.4em\u00bb body_text_align=\u00bbcenter\u00bb body_text_color=\u00bbrgba(0,0,0,0)\u00bb body_font_size=\u00bb1.5em\u00bb body_line_height=\u00bb1.8em\u00bb text_orientation=\u00bbcenter\u00bb width=\u00bb100%\u00bb module_alignment=\u00bbright\u00bb min_height=\u00bb170.6px\u00bb custom_padding=\u00bb0px|||||\u00bb hover_enabled=\u00bb0&#8243; font_icon__hover_enabled=\u00bbon|desktop\u00bb title_text=\u00bbenfermeria blanco\u00bb][\/et_pb_blurb][\/et_pb_column][\/et_pb_row][\/et_pb_section][et_pb_section fb_built=\u00bb1&#8243; _builder_version=\u00bb4.5.0&#8243; _module_preset=\u00bbdefault\u00bb custom_margin=\u00bb||4%||false|false\u00bb custom_padding=\u00bb0px||0px|18px|false|false\u00bb][et_pb_row _builder_version=\u00bb4.5.0&#8243; _module_preset=\u00bbdefault\u00bb max_width=\u00bb80%\u00bb min_height=\u00bb100%\u00bb custom_margin=\u00bb|auto|auto|auto|false|false\u00bb custom_padding=\u00bb||2px||false|false\u00bb][et_pb_column type=\u00bb4_4&#8243; _builder_version=\u00bb4.5.0&#8243; _module_preset=\u00bbdefault\u00bb][et_pb_blurb title=\u00bb\u00bfQu\u00e9 es el Servicio Social?\u00bb content_max_width=\u00bb100%\u00bb _builder_version=\u00bb4.5.0&#8243; _module_preset=\u00bbdefault\u00bb header_font=\u00bb|700|||||||\u00bb header_text_align=\u00bbleft\u00bb header_text_color=\u00bb#9F2241&#8243; header_font_size=\u00bb2em\u00bb body_text_align=\u00bbleft\u00bb custom_margin=\u00bb||auto||false|false\u00bb custom_padding=\u00bb2px|||||\u00bb][\/et_pb_blurb][et_pb_text _builder_version=\u00bb4.5.0&#8243; _module_preset=\u00bbdefault\u00bb text_text_color=\u00bb#000000&#8243; text_font_size=\u00bb1em\u00bb text_orientation=\u00bbjustified\u00bb custom_margin=\u00bb||auto||false|false\u00bb custom_padding=\u00bb||1em||false|false\u00bb]<\/p>\n<p>El Servicio Social es el conjunto de actividades te\u00f3ricas pr\u00e1cticas de car\u00e1cter temporal y obligatorio que contribuye a la formaci\u00f3n integral del estudiante y que le permiten, al aplicar sus conocimientos, destrezas y aptitudes, comprender la funci\u00f3n social de su perfil acad\u00e9mico, realizando actividades educativas, de investigaci\u00f3n, de asistencia, de difusi\u00f3n en beneficio de la sociedad<\/p>\n<p>[\/et_pb_text][et_pb_divider divider_weight=\u00bb0.2em\u00bb _builder_version=\u00bb4.5.0&#8243; _module_preset=\u00bbdefault\u00bb max_width=\u00bb100%\u00bb module_alignment=\u00bbcenter\u00bb custom_margin=\u00bb||0%||false|false\u00bb][\/et_pb_divider][et_pb_blurb title=\u00bbEl Servicio Social tiene por objeto:\u00bb content_max_width=\u00bb100%\u00bb _builder_version=\u00bb4.5.0&#8243; _module_preset=\u00bbdefault\u00bb header_font=\u00bb|700|||||||\u00bb header_text_align=\u00bbleft\u00bb header_text_color=\u00bb#9F2241&#8243; header_font_size=\u00bb2em\u00bb body_text_align=\u00bbleft\u00bb custom_margin=\u00bb||-1px|||\u00bb][\/et_pb_blurb][et_pb_text _builder_version=\u00bb4.5.0&#8243; _module_preset=\u00bbdefault\u00bb text_text_color=\u00bb#000000&#8243; text_font_size=\u00bb1em\u00bb text_orientation=\u00bbjustified\u00bb custom_margin=\u00bb||auto||false|false\u00bb custom_padding=\u00bb||0px||false|false\u00bb]<\/p>\n<ol>\n<li style=\"padding-left: 30px;\">Desarrollar en el Prestador una conciencia de solidaridad y compromiso con la sociedad a la que pertenece.<\/li>\n<li style=\"padding-left: 30px;\">Convertir esta prestaci\u00f3n en un verdadero acto de reciprocidad para con la misma, a trav\u00e9s de los planes y programas del sector publico<\/li>\n<li style=\"padding-left: 30px;\">Contribuir a la formaci\u00f3n acad\u00e9mica y capacitaci\u00f3n profesional del prestador del servicio social.<\/li>\n<\/ol>\n<p>[\/et_pb_text][et_pb_text _builder_version=\u00bb4.5.0&#8243; _module_preset=\u00bbdefault\u00bb text_text_color=\u00bb#000000&#8243; text_font_size=\u00bb1em\u00bb text_orientation=\u00bbjustified\u00bb custom_margin=\u00bb||auto||false|false\u00bb custom_padding=\u00bb0px||||false|false\u00bb]<\/p>\n<p><strong>Prop\u00f3sitos del Servicio Social de Enfermer\u00eda<\/strong><\/p>\n<ul>\n<li>Fortalecer el primer nivel de atenci\u00f3n, a traves de la utilizaci\u00f3n de la estrategia de atenci\u00f3n primaria a la salud, desarrollando trabajo con la comunidad para contribuir al desarrollo de la cultura del autocuidado de la persona. Familia y comunidad.<\/li>\n<li>Contribuir a la protecci\u00f3n de la Salud de la poblaci\u00f3n, brindando servicios de calidad<\/li>\n<li>Apoyar a los programas prioritarios para la protecci\u00f3n de la salud y prevenci\u00f3n de enfermedades<\/li>\n<\/ul>\n<p><strong>Los periodos de servicio social comprenden:<\/strong><\/p>\n<ul>\n<li>Doce meses, iniciando los d\u00edas primeros de febrero y agosto de cada a\u00f1o.<\/li>\n<\/ul>\n<p><strong>Modalidad<\/strong><\/p>\n<p><strong>El servicio social de Enfermer\u00eda puede realizarse en campos cl\u00ednicos:<\/strong><\/p>\n<ul>\n<li>Primer nivel de atenci\u00f3n (Centros de Salud Urbanos y Rurales)<\/li>\n<li>Segundo nivel de atenci\u00f3n (Hospitales Generales, Integrales y\/o comunitarios).<\/li>\n<li>El n\u00famero de horas requerido para la prestaci\u00f3n del servicio, estar\u00e1 determinado por las caracter\u00edsticas del programa al que este adscrito el alumno. La duraci\u00f3n del Servicio Social no podr\u00e1 ser menor de 480 horas.<\/li>\n<\/ul>\n<p>[\/et_pb_text][et_pb_text _builder_version=\u00bb4.5.0&#8243; _module_preset=\u00bbdefault\u00bb text_text_color=\u00bb#000000&#8243; text_font_size=\u00bb1em\u00bb text_orientation=\u00bbjustified\u00bb custom_margin=\u00bb||auto||false|false\u00bb custom_padding=\u00bb0px||||false|false\u00bb]<\/p>\n<p><strong>Espacios para realizar el servicio social<\/strong><\/p>\n<p>Unidades m\u00e9dicas de primer nivel, Hospitales de cabecera municipal y hospitales integrales, autorizados como sedes del programa de servicio social por entidad federativa.<\/p>\n<p>[\/et_pb_text][et_pb_divider divider_weight=\u00bb0.2em\u00bb _builder_version=\u00bb4.5.0&#8243; _module_preset=\u00bbdefault\u00bb max_width=\u00bb100%\u00bb module_alignment=\u00bbcenter\u00bb min_height=\u00bb12.8px\u00bb custom_margin=\u00bb-6px||0%||false|false\u00bb custom_padding=\u00bb18px||0px|||\u00bb][\/et_pb_divider][et_pb_blurb title=\u00bbDocumentaci\u00f3n Requerida\u00bb content_max_width=\u00bb100%\u00bb _builder_version=\u00bb4.5.0&#8243; _module_preset=\u00bbdefault\u00bb header_font=\u00bb|700|||||||\u00bb header_text_align=\u00bbleft\u00bb header_text_color=\u00bb#9F2241&#8243; header_font_size=\u00bb2em\u00bb body_text_align=\u00bbleft\u00bb custom_margin=\u00bb||-1px|||\u00bb][\/et_pb_blurb][et_pb_text _builder_version=\u00bb4.5.0&#8243; _module_preset=\u00bbdefault\u00bb text_text_color=\u00bb#000000&#8243; text_font_size=\u00bb1em\u00bb text_orientation=\u00bbjustified\u00bb custom_margin=\u00bb||auto||false|false\u00bb custom_padding=\u00bb0px||||false|false\u00bb]<\/p>\n<ol>\n<li style=\"padding-left: 30px;\">Carta de Pasante. (1 copias legibles).<\/li>\n<li style=\"padding-left: 30px;\">Historial Acad\u00e9mico. (1 copias legibles).<\/li>\n<li style=\"padding-left: 30px;\">Acta de Nacimiento (2 copias legibles).<\/li>\n<li style=\"padding-left: 30px;\">CURP. (2 copias formato vigente).<\/li>\n<li style=\"padding-left: 30px;\">RFC. Situaci\u00f3n fiscal (2 copias formato vigente).<\/li>\n<li style=\"padding-left: 30px;\">INE. (2 copias legibles).<\/li>\n<li style=\"padding-left: 30px;\">Comprobante de Domicilio. (Recibo de luz vigente) (2 copias legibles).<\/li>\n<li style=\"padding-left: 30px;\">Certificado M\u00e9dico<\/li>\n<li style=\"padding-left: 30px;\">Fotograf\u00edas: 4 infantil (blanco y negro, vestimenta formal).<\/li>\n<li style=\"padding-left: 30px;\">Oficio de Presentaci\u00f3n de la Instituci\u00f3n Educativa. (2 copias legibles).<\/li>\n<li style=\"padding-left: 30px;\">Fotograf\u00eda digital infantil.<\/li>\n<\/ol>\n<p>[\/et_pb_text][\/et_pb_column][\/et_pb_row][\/et_pb_section][et_pb_section fb_built=\u00bb1&#8243; _builder_version=\u00bb4.5.0&#8243; _module_preset=\u00bbdefault\u00bb custom_margin=\u00bb||4%||false|false\u00bb custom_padding=\u00bb0px||0px|18px|false|false\u00bb][et_pb_row column_structure=\u00bb1_2,1_2&#8243; _builder_version=\u00bb4.5.0&#8243; _module_preset=\u00bbdefault\u00bb width=\u00bb50%\u00bb max_width=\u00bb80%\u00bb min_height=\u00bb100%\u00bb custom_margin=\u00bb|auto|auto|auto|false|false\u00bb custom_padding=\u00bb18px||27px||false|false\u00bb locked=\u00bboff\u00bb][et_pb_column type=\u00bb1_2&#8243; _builder_version=\u00bb4.5.0&#8243; _module_preset=\u00bbdefault\u00bb][et_pb_button button_url=\u00bbhttps:\/\/drive.google.com\/drive\/folders\/1IVp2vLpyJkaBgnVZ32iVq8bC1RSerSvG?usp=share_link\u00bb button_text=\u00bbProcedimientos y Requisitos\u00bb button_alignment=\u00bbcenter\u00bb _builder_version=\u00bb4.5.0&#8243; _module_preset=\u00bbdefault\u00bb custom_button=\u00bbon\u00bb button_text_size=\u00bb1.5em\u00bb button_text_color=\u00bb#BCA986&#8243; button_bg_color=\u00bb#691C32&#8243; button_border_radius=\u00bb2em\u00bb button_letter_spacing=\u00bb0em\u00bb box_shadow_style=\u00bbpreset2&#8243; box_shadow_vertical=\u00bb17px\u00bb box_shadow_blur=\u00bb17px\u00bb][\/et_pb_button][\/et_pb_column][et_pb_column type=\u00bb1_2&#8243; _builder_version=\u00bb4.5.0&#8243; _module_preset=\u00bbdefault\u00bb][et_pb_button button_url=\u00bbhttps:\/\/drive.google.com\/drive\/folders\/1IVp2vLpyJkaBgnVZ32iVq8bC1RSerSvG?usp=share_link\u00bb button_text=\u00bbMarco Normativo\u00bb button_alignment=\u00bbcenter\u00bb _builder_version=\u00bb4.5.0&#8243; _module_preset=\u00bbdefault\u00bb custom_button=\u00bbon\u00bb button_text_size=\u00bb1.5em\u00bb button_text_color=\u00bb#BCA986&#8243; button_bg_color=\u00bb#691C32&#8243; button_border_radius=\u00bb2em\u00bb box_shadow_style=\u00bbpreset2&#8243; box_shadow_vertical=\u00bb17px\u00bb box_shadow_blur=\u00bb17px\u00bb][\/et_pb_button][\/et_pb_column][\/et_pb_row][\/et_pb_section]<\/p>\n","protected":false},"excerpt":{"rendered":"<p>[et_pb_section fb_built=\u00bb1&#8243; _builder_version=\u00bb4.5.0&#8243; _module_preset=\u00bbdefault\u00bb background_color=\u00bb#91293a\u00bb background_image=\u00bbhttps:\/\/salud.campeche.gob.mx\/wp-content\/uploads\/2022\/12\/fondorojo-1.jpg\u00bb width=\u00bb100%\u00bb max_width=\u00bb100%\u00bb min_height=\u00bb20%\u00bb height=\u00bb18%\u00bb max_height=\u00bb20%\u00bb custom_margin=\u00bb||0px||false|false\u00bb custom_padding=\u00bb||0px|||\u00bb][et_pb_row _builder_version=\u00bb4.5.0&#8243; _module_preset=\u00bbdefault\u00bb max_width=\u00bb100%\u00bb][et_pb_column type=\u00bb4_4&#8243; _builder_version=\u00bb4.5.0&#8243; _module_preset=\u00bbdefault\u00bb][et_pb_blurb title=\u00bbServicio Social de Enfermer\u00eda\u00bb image=\u00bbhttps:\/\/salud.campeche.gob.mx\/wp-content\/uploads\/2023\/04\/enfermeria-blanco.png\u00bb image_max_width=\u00bb4em\u00bb content_max_width=\u00bb25em\u00bb font_icon_tablet=\u00bb\u00bb font_icon_phone=\u00bb\u00bb font_icon_last_edited=\u00bbon|desktop\u00bb _builder_version=\u00bb4.5.0&#8243; _module_preset=\u00bbdefault\u00bb header_font=\u00bb|700|||||||\u00bb header_text_align=\u00bbcenter\u00bb header_text_color=\u00bb#ffffff\u00bb header_font_size=\u00bb2em\u00bb header_line_height=\u00bb1.4em\u00bb body_text_align=\u00bbcenter\u00bb body_text_color=\u00bbrgba(0,0,0,0)\u00bb body_font_size=\u00bb1.5em\u00bb body_line_height=\u00bb1.8em\u00bb text_orientation=\u00bbcenter\u00bb width=\u00bb100%\u00bb module_alignment=\u00bbright\u00bb min_height=\u00bb170.6px\u00bb custom_padding=\u00bb0px|||||\u00bb hover_enabled=\u00bb0&#8243; font_icon__hover_enabled=\u00bbon|desktop\u00bb title_text=\u00bbenfermeria blanco\u00bb][\/et_pb_blurb][\/et_pb_column][\/et_pb_row][\/et_pb_section][et_pb_section fb_built=\u00bb1&#8243; _builder_version=\u00bb4.5.0&#8243; _module_preset=\u00bbdefault\u00bb custom_margin=\u00bb||4%||false|false\u00bb custom_padding=\u00bb0px||0px|18px|false|false\u00bb][et_pb_row _builder_version=\u00bb4.5.0&#8243; [&hellip;]<\/p>\n","protected":false},"author":2,"featured_media":0,"parent":0,"menu_order":0,"comment_status":"closed","ping_status":"closed","template":"","meta":{"_et_pb_use_builder":"on","_et_pb_old_content":"","_et_gb_content_width":"","footnotes":""},"class_list":["post-1394","page","type-page","status-publish","hentry"],"acf":[],"jetpack_sharing_enabled":true,"_links":{"self":[{"href":"https:\/\/salud.campeche.gob.mx\/index.php?rest_route=\/wp\/v2\/pages\/1394","targetHints":{"allow":["GET"]}}],"collection":[{"href":"https:\/\/salud.campeche.gob.mx\/index.php?rest_route=\/wp\/v2\/pages"}],"about":[{"href":"https:\/\/salud.campeche.gob.mx\/index.php?rest_route=\/wp\/v2\/types\/page"}],"author":[{"embeddable":true,"href":"https:\/\/salud.campeche.gob.mx\/index.php?rest_route=\/wp\/v2\/users\/2"}],"replies":[{"embeddable":true,"href":"https:\/\/salud.campeche.gob.mx\/index.php?rest_route=%2Fwp%2Fv2%2Fcomments&post=1394"}],"version-history":[{"count":7,"href":"https:\/\/salud.campeche.gob.mx\/index.php?rest_route=\/wp\/v2\/pages\/1394\/revisions"}],"predecessor-version":[{"id":1864,"href":"https:\/\/salud.campeche.gob.mx\/index.php?rest_route=\/wp\/v2\/pages\/1394\/revisions\/1864"}],"wp:attachment":[{"href":"https:\/\/salud.campeche.gob.mx\/index.php?rest_route=%2Fwp%2Fv2%2Fmedia&parent=1394"}],"curies":[{"name":"wp","href":"https:\/\/api.w.org\/{rel}","templated":true}]}}