{"id":1459,"date":"2023-04-01T22:47:40","date_gmt":"2023-04-01T22:47:40","guid":{"rendered":"https:\/\/salud.campeche.gob.mx\/?page_id=1459"},"modified":"2025-07-17T17:38:35","modified_gmt":"2025-07-17T17:38:35","slug":"unemes","status":"publish","type":"page","link":"https:\/\/salud.campeche.gob.mx\/?page_id=1459","title":{"rendered":"UNEMES"},"content":{"rendered":"<p>[et_pb_section fb_built=\u00bb1&#8243; _builder_version=\u00bb4.5.0&#8243; _module_preset=\u00bbdefault\u00bb background_color=\u00bb#91293a\u00bb background_image=\u00bbhttps:\/\/salud.campeche.gob.mx\/wp-content\/uploads\/2022\/12\/fondorojo-1.jpg\u00bb width=\u00bb100%\u00bb max_width=\u00bb100%\u00bb min_height=\u00bb20%\u00bb height=\u00bb18%\u00bb max_height=\u00bb20%\u00bb custom_margin=\u00bb||0px||false|false\u00bb custom_padding=\u00bb1px||20px|||\u00bb][et_pb_row _builder_version=\u00bb4.5.0&#8243; _module_preset=\u00bbdefault\u00bb max_width=\u00bb100%\u00bb min_height=\u00bb10em\u00bb max_height=\u00bb24em\u00bb custom_padding=\u00bb||4px|||\u00bb][et_pb_column type=\u00bb4_4&#8243; _builder_version=\u00bb4.5.0&#8243; _module_preset=\u00bbdefault\u00bb][et_pb_blurb title=\u00bbUnidades de Especialidades M\u00e9dicas\u00bb image=\u00bbhttps:\/\/salud.campeche.gob.mx\/wp-content\/uploads\/2023\/04\/UNEME-BLANCO.png\u00bb image_max_width=\u00bb7em\u00bb content_max_width=\u00bb26em\u00bb font_icon_tablet=\u00bb\u00bb font_icon_phone=\u00bb\u00bb font_icon_last_edited=\u00bbon|desktop\u00bb _builder_version=\u00bb4.5.0&#8243; _module_preset=\u00bbdefault\u00bb header_font=\u00bb|700|||||||\u00bb header_text_align=\u00bbcenter\u00bb header_text_color=\u00bb#ffffff\u00bb header_font_size=\u00bb2em\u00bb header_line_height=\u00bb1.4em\u00bb body_text_align=\u00bbcenter\u00bb body_text_color=\u00bbrgba(0,0,0,0)\u00bb body_font_size=\u00bb1.5em\u00bb body_line_height=\u00bb1.8em\u00bb text_orientation=\u00bbcenter\u00bb width=\u00bb100%\u00bb module_alignment=\u00bbright\u00bb min_height=\u00bb12em\u00bb header_text_shadow_style=\u00bbpreset1&#8243; font_icon__hover_enabled=\u00bbon|desktop\u00bb][\/et_pb_blurb][\/et_pb_column][\/et_pb_row][\/et_pb_section][et_pb_section fb_built=\u00bb1&#8243; _builder_version=\u00bb4.5.0&#8243; _module_preset=\u00bbdefault\u00bb custom_margin=\u00bb||auto||false|false\u00bb custom_padding=\u00bb0px||0px||false|false\u00bb][et_pb_row _builder_version=\u00bb4.5.0&#8243; _module_preset=\u00bbdefault\u00bb max_width=\u00bb80%\u00bb min_height=\u00bb100%\u00bb custom_margin=\u00bb|auto|auto|auto|false|false\u00bb custom_padding=\u00bb3px||||false|false\u00bb][et_pb_column type=\u00bb4_4&#8243; _builder_version=\u00bb4.5.0&#8243; _module_preset=\u00bbdefault\u00bb][et_pb_blurb title=\u00bbObjetivo.\u00bb content_max_width=\u00bb100%\u00bb _builder_version=\u00bb4.5.0&#8243; _module_preset=\u00bbdefault\u00bb header_font=\u00bb|700|||||||\u00bb header_text_align=\u00bbleft\u00bb header_text_color=\u00bb#9F2241&#8243; header_font_size=\u00bb2em\u00bb body_text_align=\u00bbleft\u00bb custom_margin=\u00bb12px||auto||false|false\u00bb custom_padding=\u00bb2px|||||\u00bb][\/et_pb_blurb][et_pb_text _builder_version=\u00bb4.5.0&#8243; _module_preset=\u00bbdefault\u00bb text_text_color=\u00bb#000000&#8243; text_font_size=\u00bb1em\u00bb text_orientation=\u00bbjustified\u00bb custom_margin=\u00bb||auto||false|false\u00bb custom_padding=\u00bb||1em||false|false\u00bb]<\/p>\n<p>La Unidad de Especialidades M\u00e9dicas (UNEME) ofrece servicios ambulatorios especializados. Incorpora tecnolog\u00edas de vanguardia que favorecen procedimientos cada vez menos invasivos, que reducen los riesgos y los tiempos de recuperaci\u00f3n. Se reincorpora el paciente m\u00e1s pronto a su vida normal, se aprovecha la infraestructura para la atenci\u00f3n de un mayor n\u00famero de pacientes y se reducen los tiempos de espera y los costos de operaci\u00f3n. Cada una de estas unidades puede ofrecer servicios de una o varias especialidades de acuerdo a las necesidades de la poblaci\u00f3n en la red.<\/p>\n<p>[\/et_pb_text][et_pb_divider divider_weight=\u00bb0.2em\u00bb _builder_version=\u00bb4.5.0&#8243; _module_preset=\u00bbdefault\u00bb max_width=\u00bb100%\u00bb module_alignment=\u00bbcenter\u00bb custom_margin=\u00bb||0%||false|false\u00bb][\/et_pb_divider][et_pb_blurb title=\u00bbUNEME-CAPASITS\u00bb content_max_width=\u00bb100%\u00bb _builder_version=\u00bb4.5.0&#8243; _module_preset=\u00bbdefault\u00bb header_font=\u00bb|700|||||||\u00bb header_text_align=\u00bbleft\u00bb header_text_color=\u00bb#9F2241&#8243; header_font_size=\u00bb2em\u00bb body_text_align=\u00bbleft\u00bb custom_margin=\u00bb||auto||false|false\u00bb custom_padding=\u00bb2px|||||\u00bb][\/et_pb_blurb][et_pb_text _builder_version=\u00bb4.5.0&#8243; _module_preset=\u00bbdefault\u00bb text_text_color=\u00bb#000000&#8243; text_font_size=\u00bb1em\u00bb text_orientation=\u00bbjustified\u00bb custom_margin=\u00bb||auto||false|false\u00bb custom_padding=\u00bb||1em||false|false\u00bb]<\/p>\n<p>UNEMES-CAPASITS enfocados a la atenci\u00f3n gratuita y especializada en VIH\/SIDA, para la Prevenci\u00f3n, detecci\u00f3n oportuna, diagn\u00f3stico y control del padecimiento de pacientes con infecciones de transmisi\u00f3n sexual y de VIH-SIDA, de forma ambulatoria. Este tipo de unidades brinda el servicio de prevenci\u00f3n y promoci\u00f3n como parte fundamental de sus funciones, adem\u00e1s de otorgar apoyo psicol\u00f3gico y de trabajo social tanto a las personas afectadas como a sus familiares. Como parte de estos servicios se encuentra brindar acceso al tratamiento antirretroviral para todas las personas con VIH que no cuenten con seguridad social, estos centros se encuentran ubicados en nuestra ciudad capital San Francisco de Campeche y en el municipio de Ciudad del Carmen<\/p>\n<p>Servicios que ofrecen los CAPASITS:<\/p>\n<ol>\n<li style=\"padding-left: 60px;\">Atenci\u00f3n M\u00e9dica Integral (hombres, mujeres, mujeres embarazadas, ni\u00f1os)<\/li>\n<li style=\"padding-left: 60px;\">Medicamentos Antirretrovirales \u00a1GRATUITOS!<\/li>\n<li style=\"padding-left: 60px;\">Atenci\u00f3n Psicol\u00f3gica<\/li>\n<li style=\"padding-left: 60px;\">Enfermer\u00eda<\/li>\n<li style=\"padding-left: 60px;\">Trabajo social<\/li>\n<li style=\"padding-left: 60px;\">Estudios de laboratorio<\/li>\n<li style=\"padding-left: 60px;\">Talleres de adherencia<\/li>\n<\/ol>\n<p>[\/et_pb_text][et_pb_divider divider_weight=\u00bb0.2em\u00bb _builder_version=\u00bb4.5.0&#8243; _module_preset=\u00bbdefault\u00bb max_width=\u00bb100%\u00bb module_alignment=\u00bbcenter\u00bb custom_margin=\u00bb||0%||false|false\u00bb][\/et_pb_divider][et_pb_blurb title=\u00bbUNEME-CISAME\u00bb content_max_width=\u00bb100%\u00bb _builder_version=\u00bb4.5.0&#8243; _module_preset=\u00bbdefault\u00bb header_font=\u00bb|700|||||||\u00bb header_text_align=\u00bbleft\u00bb header_text_color=\u00bb#9F2241&#8243; header_font_size=\u00bb2em\u00bb body_text_align=\u00bbleft\u00bb custom_margin=\u00bb||-1px|||\u00bb][\/et_pb_blurb][et_pb_text _builder_version=\u00bb4.5.0&#8243; _module_preset=\u00bbdefault\u00bb text_text_color=\u00bb#000000&#8243; text_font_size=\u00bb1em\u00bb text_orientation=\u00bbjustified\u00bb custom_margin=\u00bb||auto||false|false\u00bb custom_padding=\u00bb||0em||false|false\u00bb]<\/p>\n<p>Establecimientos de atenci\u00f3n m\u00e9dica ambulatoria a pacientes con repercusiones psicol\u00f3gicas y\/o trastornos mentales, con \u00e1reas para tratamiento m\u00e9dico, psicol\u00f3gico y social. Brinda servicios de prevenci\u00f3n y promoci\u00f3n, adem\u00e1s de otorgar apoyo psicol\u00f3gico tanto a los pacientes como a sus familiares, con programas establecidos por el cuerpo m\u00e9dico y de trabajo social de la unidad.<\/p>\n<p><strong>Acciones<\/strong>:<\/p>\n<ol>\n<li>Detecci\u00f3n de enfermedades mentales<\/li>\n<li>Consulta psicol\u00f3gica<\/li>\n<li>Consulta psiqui\u00e1trica<\/li>\n<li>Psicoterapia individual<\/li>\n<li>Sesiones de psicoterapia grupal<\/li>\n<li>Terapia familiar<\/li>\n<li>Atenci\u00f3n en grupos psico educativos<\/li>\n<li>Rehabilitaci\u00f3n psicosocial<\/li>\n<\/ol>\n<p><strong>Grupo de problemas que atiende<\/strong><\/p>\n<ol>\n<li>Trastornos de ansiedad<\/li>\n<li>Trastornos somatomorfos<\/li>\n<li>Trastornos adaptativos<\/li>\n<li>Trastornos de la personalidad<\/li>\n<li>Problemas relacionales<\/li>\n<\/ol>\n<p>[\/et_pb_text][et_pb_divider divider_weight=\u00bb0.2em\u00bb _builder_version=\u00bb4.5.0&#8243; _module_preset=\u00bbdefault\u00bb max_width=\u00bb100%\u00bb module_alignment=\u00bbcenter\u00bb custom_margin=\u00bb||0%||false|false\u00bb][\/et_pb_divider][et_pb_blurb title=\u00bbUNEME-SORyD\u00bb content_max_width=\u00bb100%\u00bb _builder_version=\u00bb4.5.0&#8243; _module_preset=\u00bbdefault\u00bb header_font=\u00bb|700|||||||\u00bb header_text_align=\u00bbleft\u00bb header_text_color=\u00bb#9F2241&#8243; header_font_size=\u00bb2em\u00bb body_text_align=\u00bbleft\u00bb custom_margin=\u00bb||-1px|||\u00bb][\/et_pb_blurb][et_pb_text _builder_version=\u00bb4.5.0&#8243; _module_preset=\u00bbdefault\u00bb text_text_color=\u00bb#000000&#8243; text_font_size=\u00bb1em\u00bb text_orientation=\u00bbjustified\u00bb custom_margin=\u00bb||auto||false|false\u00bb custom_padding=\u00bb||0em||false|false\u00bb]<\/p>\n<p>Unidades M\u00e9dica Especializada (UNEME) de atenci\u00f3n al sobrepeso, riesgo cardiovascular y diabetes (SORyD), (UNEME- SORyD), las cuales brindan atenci\u00f3n especializada, multidisciplinaria y gratuita a los pacientes diagnosticados con obesidad, diabetes, hipertensi\u00f3n o dislipidemias a fin de mejorar su calidad de vida;\u00a0 los usuarios reciben una atenci\u00f3n integral y el seguimiento personalizado por parte de personal m\u00e9dico, de enfermer\u00eda, nutrici\u00f3n, psicolog\u00eda y trabajo social, el tratamiento que tiene como fin lograr el adecuado control del padecimiento cr\u00f3nico de estos pacientes, para lo cual el enfoque de atenci\u00f3n educativa tambi\u00e9n incluye a su familia, a fin de promover estilos de vida saludables.<\/p>\n<p>[\/et_pb_text][et_pb_divider divider_weight=\u00bb0.2em\u00bb _builder_version=\u00bb4.5.0&#8243; _module_preset=\u00bbdefault\u00bb max_width=\u00bb100%\u00bb module_alignment=\u00bbcenter\u00bb custom_margin=\u00bb||0%||false|false\u00bb][\/et_pb_divider][et_pb_blurb title=\u00bbUNEME-CAPA\u00bb content_max_width=\u00bb100%\u00bb _builder_version=\u00bb4.5.0&#8243; _module_preset=\u00bbdefault\u00bb header_font=\u00bb|700|||||||\u00bb header_text_align=\u00bbleft\u00bb header_text_color=\u00bb#9F2241&#8243; header_font_size=\u00bb2em\u00bb body_text_align=\u00bbleft\u00bb custom_margin=\u00bb||-1px|||\u00bb][\/et_pb_blurb][et_pb_text _builder_version=\u00bb4.5.0&#8243; _module_preset=\u00bbdefault\u00bb text_text_color=\u00bb#000000&#8243; text_font_size=\u00bb1em\u00bb text_orientation=\u00bbjustified\u00bb custom_margin=\u00bb||auto||false|false\u00bb custom_padding=\u00bb||0em||false|false\u00bb hover_enabled=\u00bb0&#8243;]<\/p>\n<p>Cuatro centros para la atenci\u00f3n de enfermedades adictivas, como el alcoholismo, tabaquismo y otras sustancias, las UNEME-CAPA est\u00e1n dise\u00f1adas para ofrecer a la poblaci\u00f3n un modelo de detecci\u00f3n oportuna para las adicciones que contempla desde la prevenci\u00f3n del consumo de sustancias psicoactivas hasta el tratamiento breve, ambulatorio, que sea accesible y de calidad.<\/p>\n<p>Brindar servicios de promoci\u00f3n de la salud, prevenci\u00f3n, detecci\u00f3n oportuna y tratamiento de adicciones a la poblaci\u00f3n en general, con \u00e9nfasis en la poblaci\u00f3n con mayor vulnerabilidad.\u00a0 Participar en la instrumentaci\u00f3n de los programas nacionales y estatales contra las adicciones, en el \u00e1mbito de su competencia. Promover acciones para fomentar la participaci\u00f3n de la comunidad en la promoci\u00f3n de la salud y prevenci\u00f3n de adicciones. Impulsar la colaboraci\u00f3n con organizaciones de la sociedad civil, instituciones p\u00fablicas y privadas a fin de fortalecer la red de atenci\u00f3n de adicciones de la comunidad. Participar, en el \u00e1mbito de su competencia, en la instrumentaci\u00f3n del Sistema Nacional de Protecci\u00f3n Social en Salud. Brindar capacitaci\u00f3n a los recursos humanos que participen en los programas contra las adicciones, dentro del \u00e1mbito de su competencia. Difundir informaci\u00f3n t\u00e9cnica sobre acciones, avances y resultados de la operaci\u00f3n de los programas a su cargo. La organizaci\u00f3n de eventos y actividades orientados a promover la prevenci\u00f3n y atenci\u00f3n de las adicciones en la comunidad.<\/p>\n<p>[\/et_pb_text][et_pb_divider divider_weight=\u00bb0.2em\u00bb _builder_version=\u00bb4.5.0&#8243; _module_preset=\u00bbdefault\u00bb max_width=\u00bb100%\u00bb module_alignment=\u00bbcenter\u00bb custom_margin=\u00bb||0.2%||false|false\u00bb][\/et_pb_divider][et_pb_blurb title=\u00bbUNEME-DEDICAM\u00bb content_max_width=\u00bb100%\u00bb _builder_version=\u00bb4.5.0&#8243; _module_preset=\u00bbdefault\u00bb header_font=\u00bb|700|||||||\u00bb header_text_align=\u00bbleft\u00bb header_text_color=\u00bb#9F2241&#8243; header_font_size=\u00bb2em\u00bb body_text_align=\u00bbleft\u00bb custom_margin=\u00bb||-1px|||\u00bb][\/et_pb_blurb][et_pb_text _builder_version=\u00bb4.5.0&#8243; _module_preset=\u00bbdefault\u00bb text_text_color=\u00bb#000000&#8243; text_font_size=\u00bb1em\u00bb text_orientation=\u00bbjustified\u00bb custom_margin=\u00bb||auto||false|false\u00bb custom_padding=\u00bb||0em||false|false\u00bb]<\/p>\n<p>La UNEME DEDICAM es una Unidad de Especialidades M\u00e9dicas dedicada al C\u00e1ncer de Mama, el cual actualmente brinda atenci\u00f3n a m\u00e1s de 8 mil mujeres campechanas de 40 a 69 a\u00f1os de edad. La unidad brinda servicios de detecci\u00f3n, tratamiento y diagn\u00f3stico. Entre las atenciones que brinda se encuentran: mastograf\u00eda, tamizaje o detecci\u00f3n, realizaci\u00f3n de biopsias, ultrasonido, consulta de especialidades consejer\u00eda y soluciones eficaces en caso de resultados positivos a c\u00e1ncer<\/p>\n<p>[\/et_pb_text][et_pb_divider divider_weight=\u00bb0.2em\u00bb _builder_version=\u00bb4.5.0&#8243; _module_preset=\u00bbdefault\u00bb max_width=\u00bb100%\u00bb module_alignment=\u00bbcenter\u00bb custom_margin=\u00bb||0.2%||false|false\u00bb][\/et_pb_divider][et_pb_blurb title=\u00bbUNEME-DEDICAM CAMPECHE\u00bb content_max_width=\u00bb100%\u00bb _builder_version=\u00bb4.5.0&#8243; _module_preset=\u00bbdefault\u00bb header_font=\u00bb|700|||||||\u00bb header_text_align=\u00bbleft\u00bb header_text_color=\u00bb#9F2241&#8243; header_font_size=\u00bb2em\u00bb body_text_align=\u00bbleft\u00bb custom_margin=\u00bb||-1px|||\u00bb hover_enabled=\u00bb0&#8243;][\/et_pb_blurb][et_pb_text _builder_version=\u00bb4.5.0&#8243; _module_preset=\u00bbdefault\u00bb text_text_color=\u00bb#000000&#8243; text_font_size=\u00bb1em\u00bb text_orientation=\u00bbjustified\u00bb custom_margin=\u00bb||auto||false|false\u00bb custom_padding=\u00bb||0em||false|false\u00bb hover_enabled=\u00bb0&#8243;]<\/p>\n<p>Ubicaci\u00f2n: Calle Prolongaci\u00f2n Antigua\u00a0 a China S\/N, Colonia los laureles, C.P. 24095, San Francisco de Campeche, Campeche.<\/p>\n<p>Telefono: 9811273980 ext. 3398<\/p>\n<p>Horario de Atenci\u00f2n: 07:00 a 14:00 hrs.<\/p>\n<p>Servicio disponibles: Mastograf\u00eca, ultrasonido mamario, toma de citolog\u00eca convencional y VPH, atenci\u00f2n psicol\u00f2gica (Grupo de Acompa\u00f1amiento Emocional)<\/p>\n<p>[\/et_pb_text][\/et_pb_column][\/et_pb_row][\/et_pb_section]<\/p>\n","protected":false},"excerpt":{"rendered":"<p>[et_pb_section fb_built=\u00bb1&#8243; _builder_version=\u00bb4.5.0&#8243; _module_preset=\u00bbdefault\u00bb background_color=\u00bb#91293a\u00bb background_image=\u00bbhttps:\/\/salud.campeche.gob.mx\/wp-content\/uploads\/2022\/12\/fondorojo-1.jpg\u00bb width=\u00bb100%\u00bb max_width=\u00bb100%\u00bb min_height=\u00bb20%\u00bb height=\u00bb18%\u00bb max_height=\u00bb20%\u00bb custom_margin=\u00bb||0px||false|false\u00bb custom_padding=\u00bb1px||20px|||\u00bb][et_pb_row _builder_version=\u00bb4.5.0&#8243; _module_preset=\u00bbdefault\u00bb max_width=\u00bb100%\u00bb min_height=\u00bb10em\u00bb max_height=\u00bb24em\u00bb custom_padding=\u00bb||4px|||\u00bb][et_pb_column type=\u00bb4_4&#8243; _builder_version=\u00bb4.5.0&#8243; _module_preset=\u00bbdefault\u00bb][et_pb_blurb title=\u00bbUnidades de Especialidades M\u00e9dicas\u00bb image=\u00bbhttps:\/\/salud.campeche.gob.mx\/wp-content\/uploads\/2023\/04\/UNEME-BLANCO.png\u00bb image_max_width=\u00bb7em\u00bb content_max_width=\u00bb26em\u00bb font_icon_tablet=\u00bb\u00bb font_icon_phone=\u00bb\u00bb font_icon_last_edited=\u00bbon|desktop\u00bb _builder_version=\u00bb4.5.0&#8243; _module_preset=\u00bbdefault\u00bb header_font=\u00bb|700|||||||\u00bb header_text_align=\u00bbcenter\u00bb header_text_color=\u00bb#ffffff\u00bb header_font_size=\u00bb2em\u00bb header_line_height=\u00bb1.4em\u00bb body_text_align=\u00bbcenter\u00bb body_text_color=\u00bbrgba(0,0,0,0)\u00bb body_font_size=\u00bb1.5em\u00bb body_line_height=\u00bb1.8em\u00bb text_orientation=\u00bbcenter\u00bb width=\u00bb100%\u00bb module_alignment=\u00bbright\u00bb min_height=\u00bb12em\u00bb header_text_shadow_style=\u00bbpreset1&#8243; font_icon__hover_enabled=\u00bbon|desktop\u00bb][\/et_pb_blurb][\/et_pb_column][\/et_pb_row][\/et_pb_section][et_pb_section fb_built=\u00bb1&#8243; _builder_version=\u00bb4.5.0&#8243; _module_preset=\u00bbdefault\u00bb custom_margin=\u00bb||auto||false|false\u00bb custom_padding=\u00bb0px||0px||false|false\u00bb][et_pb_row _builder_version=\u00bb4.5.0&#8243; [&hellip;]<\/p>\n","protected":false},"author":2,"featured_media":0,"parent":0,"menu_order":0,"comment_status":"closed","ping_status":"closed","template":"","meta":{"_et_pb_use_builder":"on","_et_pb_old_content":"","_et_gb_content_width":"","footnotes":""},"class_list":["post-1459","page","type-page","status-publish","hentry"],"acf":[],"jetpack_sharing_enabled":true,"_links":{"self":[{"href":"https:\/\/salud.campeche.gob.mx\/index.php?rest_route=\/wp\/v2\/pages\/1459","targetHints":{"allow":["GET"]}}],"collection":[{"href":"https:\/\/salud.campeche.gob.mx\/index.php?rest_route=\/wp\/v2\/pages"}],"about":[{"href":"https:\/\/salud.campeche.gob.mx\/index.php?rest_route=\/wp\/v2\/types\/page"}],"author":[{"embeddable":true,"href":"https:\/\/salud.campeche.gob.mx\/index.php?rest_route=\/wp\/v2\/users\/2"}],"replies":[{"embeddable":true,"href":"https:\/\/salud.campeche.gob.mx\/index.php?rest_route=%2Fwp%2Fv2%2Fcomments&post=1459"}],"version-history":[{"count":12,"href":"https:\/\/salud.campeche.gob.mx\/index.php?rest_route=\/wp\/v2\/pages\/1459\/revisions"}],"predecessor-version":[{"id":4160,"href":"https:\/\/salud.campeche.gob.mx\/index.php?rest_route=\/wp\/v2\/pages\/1459\/revisions\/4160"}],"wp:attachment":[{"href":"https:\/\/salud.campeche.gob.mx\/index.php?rest_route=%2Fwp%2Fv2%2Fmedia&parent=1459"}],"curies":[{"name":"wp","href":"https:\/\/api.w.org\/{rel}","templated":true}]}}