{"id":1937,"date":"2023-04-19T22:00:21","date_gmt":"2023-04-19T22:00:21","guid":{"rendered":"https:\/\/salud.campeche.gob.mx\/?page_id=1937"},"modified":"2023-07-14T05:28:43","modified_gmt":"2023-07-14T05:28:43","slug":"lactanciamaterna","status":"publish","type":"page","link":"https:\/\/salud.campeche.gob.mx\/?page_id=1937","title":{"rendered":"LactanciaMaterna"},"content":{"rendered":"<p>[et_pb_section fb_built=\u00bb1&#8243; _builder_version=\u00bb4.5.0&#8243; _module_preset=\u00bbdefault\u00bb background_color=\u00bb#91293a\u00bb background_image=\u00bbhttps:\/\/salud.campeche.gob.mx\/wp-content\/uploads\/2022\/12\/fondorojo-1.jpg\u00bb width=\u00bb100%\u00bb max_width=\u00bb100%\u00bb min_height=\u00bb20%\u00bb height=\u00bb18%\u00bb max_height=\u00bb20%\u00bb custom_margin=\u00bb||0px||false|false\u00bb custom_padding=\u00bb||0px|||\u00bb][et_pb_row _builder_version=\u00bb4.5.0&#8243; _module_preset=\u00bbdefault\u00bb max_width=\u00bb100%\u00bb][et_pb_column type=\u00bb4_4&#8243; _builder_version=\u00bb4.5.0&#8243; _module_preset=\u00bbdefault\u00bb][et_pb_blurb title=\u00bbLactancia Materna\u00bb image=\u00bbhttps:\/\/salud.campeche.gob.mx\/wp-content\/uploads\/2023\/04\/salud-reproductiva-blanco-1.png\u00bb image_max_width=\u00bb6em\u00bb content_max_width=\u00bb21em\u00bb font_icon_tablet=\u00bb\u00bb font_icon_phone=\u00bb\u00bb font_icon_last_edited=\u00bbon|desktop\u00bb _builder_version=\u00bb4.5.0&#8243; _module_preset=\u00bbdefault\u00bb header_font=\u00bb|700|||||||\u00bb header_text_align=\u00bbcenter\u00bb header_text_color=\u00bb#ffffff\u00bb header_font_size=\u00bb2em\u00bb header_line_height=\u00bb1.5em\u00bb body_text_align=\u00bbcenter\u00bb body_text_color=\u00bbrgba(0,0,0,0)\u00bb body_font_size=\u00bb1.5em\u00bb body_line_height=\u00bb1.8em\u00bb text_orientation=\u00bbcenter\u00bb width=\u00bb100%\u00bb module_alignment=\u00bbright\u00bb min_height=\u00bb170.6px\u00bb custom_padding=\u00bb0px|||||\u00bb font_icon__hover_enabled=\u00bbon|desktop\u00bb][\/et_pb_blurb][\/et_pb_column][\/et_pb_row][\/et_pb_section][et_pb_section fb_built=\u00bb1&#8243; _builder_version=\u00bb4.5.0&#8243; _module_preset=\u00bbdefault\u00bb custom_margin=\u00bb||4%||false|false\u00bb custom_padding=\u00bb0px||0px|18px|false|false\u00bb][et_pb_row _builder_version=\u00bb4.5.0&#8243; _module_preset=\u00bbdefault\u00bb max_width=\u00bb80%\u00bb min_height=\u00bb100%\u00bb custom_margin=\u00bb|auto|auto|auto|false|false\u00bb custom_padding=\u00bb||2px||false|false\u00bb][et_pb_column type=\u00bb4_4&#8243; _builder_version=\u00bb4.5.0&#8243; _module_preset=\u00bbdefault\u00bb][et_pb_blurb title=\u00bbBienvenid@ al curso de Lactancia Materna\u00bb content_max_width=\u00bb100%\u00bb _builder_version=\u00bb4.5.0&#8243; _module_preset=\u00bbdefault\u00bb header_font=\u00bb|700|||||||\u00bb header_text_align=\u00bbleft\u00bb header_text_color=\u00bb#9F2241&#8243; header_font_size=\u00bb2em\u00bb body_text_align=\u00bbleft\u00bb custom_margin=\u00bb||auto||false|false\u00bb custom_padding=\u00bb2px|||||\u00bb][\/et_pb_blurb][et_pb_text _builder_version=\u00bb4.5.0&#8243; _module_preset=\u00bbdefault\u00bb text_text_color=\u00bb#000000&#8243; text_font_size=\u00bb1em\u00bb text_orientation=\u00bbjustified\u00bb custom_margin=\u00bb||auto||false|false\u00bb custom_padding=\u00bb||1em||false|false\u00bb]<\/p>\n<p><strong>Dirigido a<\/strong>: personal m\u00e9dico, odontol\u00f3gos, enfermer\u00eda, trabajo social, nutrici\u00f3n, fisioterapeuta, qu\u00edmico.<\/p>\n<p><strong>Objetivo<\/strong>: proporcionar al personal el conocimiento, las habilidades y competencias necesarias para transformar al hospital en instituci\u00f3n amiga del ni\u00f1o y la ni\u00f1a a trav\u00e9s de la implementaci\u00f3n de los diez pasos y 3 anexos para proteger, promover y apoyar la lactancia materna en concordancia con la Estrategia Mundial para la alimentaci\u00f3n del lactante y del ni\u00f1o peque\u00f1o.<\/p>\n<p><strong>Tipo de curso<\/strong>: Curso-Taller h\u00edbrido (l\u00ednea y presencial).<\/p>\n<p><strong>Duraci\u00f3n:<\/strong>\u00a0\u00a0 24 hrs (12 horas virtuales y 12 horas presenciales).<\/p>\n<p><strong>Requisitos: <\/strong><\/p>\n<p style=\"padding-left: 30px;\">Paso 1: inscripci\u00f3n en modalidad virtual<\/p>\n<p style=\"padding-left: 30px;\">Paso 2: realizar evaluaci\u00f3n inicial incluido en la plataforma virtual<\/p>\n<p style=\"padding-left: 30px;\">Paso 3: revisar los contenidos grabados en la plataforma virtual<\/p>\n<p style=\"padding-left: 30px;\">Paso 4: realizar evaluaci\u00f3n intermedia (podr\u00e1 acceder hasta la revisi\u00f3n de todos los contenidos)<\/p>\n<p style=\"padding-left: 30px;\">Paso 5: inscripci\u00f3n en la modalidad presencial en la Jefatura de Ense\u00f1anza e Investigaci\u00f3n del HGE \u201cDr. JBO\u201d<\/p>\n<p style=\"padding-left: 30px;\">Paso 6: evaluaci\u00f3n final presencial con promedio m\u00ednimo aprobatorio de 8.<\/p>\n<p style=\"padding-left: 30px;\">Paso 7: constancia<\/p>\n<p><strong>Costo:\u00a0<\/strong>Gratuito<\/p>\n<p>[\/et_pb_text][\/et_pb_column][\/et_pb_row][et_pb_row _builder_version=\u00bb4.5.0&#8243; _module_preset=\u00bbdefault\u00bb width=\u00bb50%\u00bb max_width=\u00bb80%\u00bb min_height=\u00bb100%\u00bb custom_margin=\u00bb|auto|auto|auto|false|false\u00bb custom_padding=\u00bb5px||2px||false|false\u00bb][et_pb_column type=\u00bb4_4&#8243; _builder_version=\u00bb4.5.0&#8243; _module_preset=\u00bbdefault\u00bb][et_pb_button button_url=\u00bbhttps:\/\/docs.google.com\/forms\/d\/1wpmyYqadIwWl86vBzaIsImvveRa82ZVo-IQBWvnnc1I\/viewform?ts=64ac3f67&#038;edit_requested=true&#038;pli=1&#8243; url_new_window=\u00bbon\u00bb button_text=\u00bb\u00c1rea Cl\u00ednica &#8211; Evaluaci\u00f3n inicial &#8211; IHANN\u00bb button_alignment=\u00bbcenter\u00bb _builder_version=\u00bb4.5.0&#8243; _module_preset=\u00bbdefault\u00bb custom_button=\u00bbon\u00bb button_text_size=\u00bb1.4em\u00bb button_text_color=\u00bb#BCA986&#8243; button_bg_color=\u00bb#691C32&#8243; button_border_radius=\u00bb2em\u00bb button_letter_spacing=\u00bb0em\u00bb hover_enabled=\u00bb0&#8243; box_shadow_style=\u00bbpreset2&#8243; box_shadow_vertical=\u00bb17px\u00bb box_shadow_blur=\u00bb17px\u00bb][\/et_pb_button][et_pb_button button_url=\u00bbhttps:\/\/drive.google.com\/drive\/folders\/1PXgCsXhxfwl32iBxVtt35YqwSIMWv_js?usp=share_link\u00bb url_new_window=\u00bbon\u00bb button_text=\u00bbContenido del Curso\u00bb button_alignment=\u00bbcenter\u00bb _builder_version=\u00bb4.5.0&#8243; _module_preset=\u00bbdefault\u00bb custom_button=\u00bbon\u00bb button_text_size=\u00bb1.5em\u00bb button_text_color=\u00bb#BCA986&#8243; button_bg_color=\u00bb#691C32&#8243; button_border_radius=\u00bb2em\u00bb box_shadow_style=\u00bbpreset2&#8243; box_shadow_vertical=\u00bb17px\u00bb box_shadow_blur=\u00bb17px\u00bb][\/et_pb_button][\/et_pb_column][\/et_pb_row][\/et_pb_section][et_pb_section fb_built=\u00bb1&#8243; _builder_version=\u00bb4.5.0&#8243; _module_preset=\u00bbdefault\u00bb custom_margin=\u00bb||4%||false|false\u00bb custom_padding=\u00bb0px||0px|18px|false|false\u00bb][et_pb_row _builder_version=\u00bb4.5.0&#8243; _module_preset=\u00bbdefault\u00bb max_width=\u00bb80%\u00bb min_height=\u00bb100%\u00bb custom_margin=\u00bb|auto|auto|auto|false|false\u00bb custom_padding=\u00bb0px||2px||false|false\u00bb][et_pb_column type=\u00bb4_4&#8243; _builder_version=\u00bb4.5.0&#8243; _module_preset=\u00bbdefault\u00bb][et_pb_divider divider_weight=\u00bb0.2em\u00bb _builder_version=\u00bb4.5.0&#8243; _module_preset=\u00bbdefault\u00bb max_width=\u00bb100%\u00bb module_alignment=\u00bbcenter\u00bb custom_margin=\u00bb||0%||false|false\u00bb][\/et_pb_divider][\/et_pb_column][\/et_pb_row][\/et_pb_section]<\/p>\n","protected":false},"excerpt":{"rendered":"<p>[et_pb_section fb_built=\u00bb1&#8243; _builder_version=\u00bb4.5.0&#8243; _module_preset=\u00bbdefault\u00bb background_color=\u00bb#91293a\u00bb background_image=\u00bbhttps:\/\/salud.campeche.gob.mx\/wp-content\/uploads\/2022\/12\/fondorojo-1.jpg\u00bb width=\u00bb100%\u00bb max_width=\u00bb100%\u00bb min_height=\u00bb20%\u00bb height=\u00bb18%\u00bb max_height=\u00bb20%\u00bb custom_margin=\u00bb||0px||false|false\u00bb custom_padding=\u00bb||0px|||\u00bb][et_pb_row _builder_version=\u00bb4.5.0&#8243; _module_preset=\u00bbdefault\u00bb max_width=\u00bb100%\u00bb][et_pb_column type=\u00bb4_4&#8243; _builder_version=\u00bb4.5.0&#8243; _module_preset=\u00bbdefault\u00bb][et_pb_blurb title=\u00bbLactancia Materna\u00bb image=\u00bbhttps:\/\/salud.campeche.gob.mx\/wp-content\/uploads\/2023\/04\/salud-reproductiva-blanco-1.png\u00bb image_max_width=\u00bb6em\u00bb content_max_width=\u00bb21em\u00bb font_icon_tablet=\u00bb\u00bb font_icon_phone=\u00bb\u00bb font_icon_last_edited=\u00bbon|desktop\u00bb _builder_version=\u00bb4.5.0&#8243; _module_preset=\u00bbdefault\u00bb header_font=\u00bb|700|||||||\u00bb header_text_align=\u00bbcenter\u00bb header_text_color=\u00bb#ffffff\u00bb header_font_size=\u00bb2em\u00bb header_line_height=\u00bb1.5em\u00bb body_text_align=\u00bbcenter\u00bb body_text_color=\u00bbrgba(0,0,0,0)\u00bb body_font_size=\u00bb1.5em\u00bb body_line_height=\u00bb1.8em\u00bb text_orientation=\u00bbcenter\u00bb width=\u00bb100%\u00bb module_alignment=\u00bbright\u00bb min_height=\u00bb170.6px\u00bb custom_padding=\u00bb0px|||||\u00bb font_icon__hover_enabled=\u00bbon|desktop\u00bb][\/et_pb_blurb][\/et_pb_column][\/et_pb_row][\/et_pb_section][et_pb_section fb_built=\u00bb1&#8243; _builder_version=\u00bb4.5.0&#8243; _module_preset=\u00bbdefault\u00bb custom_margin=\u00bb||4%||false|false\u00bb custom_padding=\u00bb0px||0px|18px|false|false\u00bb][et_pb_row _builder_version=\u00bb4.5.0&#8243; _module_preset=\u00bbdefault\u00bb max_width=\u00bb80%\u00bb min_height=\u00bb100%\u00bb custom_margin=\u00bb|auto|auto|auto|false|false\u00bb custom_padding=\u00bb||2px||false|false\u00bb][et_pb_column [&hellip;]<\/p>\n","protected":false},"author":2,"featured_media":0,"parent":0,"menu_order":0,"comment_status":"closed","ping_status":"closed","template":"","meta":{"_et_pb_use_builder":"on","_et_pb_old_content":"","_et_gb_content_width":"","footnotes":""},"class_list":["post-1937","page","type-page","status-publish","hentry"],"acf":[],"jetpack_sharing_enabled":true,"_links":{"self":[{"href":"https:\/\/salud.campeche.gob.mx\/index.php?rest_route=\/wp\/v2\/pages\/1937","targetHints":{"allow":["GET"]}}],"collection":[{"href":"https:\/\/salud.campeche.gob.mx\/index.php?rest_route=\/wp\/v2\/pages"}],"about":[{"href":"https:\/\/salud.campeche.gob.mx\/index.php?rest_route=\/wp\/v2\/types\/page"}],"author":[{"embeddable":true,"href":"https:\/\/salud.campeche.gob.mx\/index.php?rest_route=\/wp\/v2\/users\/2"}],"replies":[{"embeddable":true,"href":"https:\/\/salud.campeche.gob.mx\/index.php?rest_route=%2Fwp%2Fv2%2Fcomments&post=1937"}],"version-history":[{"count":7,"href":"https:\/\/salud.campeche.gob.mx\/index.php?rest_route=\/wp\/v2\/pages\/1937\/revisions"}],"predecessor-version":[{"id":2382,"href":"https:\/\/salud.campeche.gob.mx\/index.php?rest_route=\/wp\/v2\/pages\/1937\/revisions\/2382"}],"wp:attachment":[{"href":"https:\/\/salud.campeche.gob.mx\/index.php?rest_route=%2Fwp%2Fv2%2Fmedia&parent=1937"}],"curies":[{"name":"wp","href":"https:\/\/api.w.org\/{rel}","templated":true}]}}