{"id":386,"date":"2022-12-07T01:31:32","date_gmt":"2022-12-07T01:31:32","guid":{"rendered":"https:\/\/salud.campeche.gob.mx\/?page_id=386"},"modified":"2023-02-08T19:34:28","modified_gmt":"2023-02-08T19:34:28","slug":"obligaciones-comunes-indesalud","status":"publish","type":"page","link":"https:\/\/salud.campeche.gob.mx\/?page_id=386","title":{"rendered":"Obligaciones comunes Indesalud"},"content":{"rendered":"<p>[et_pb_section fb_built=\u00bb1&#8243; _builder_version=\u00bb4.5.0&#8243; _module_preset=\u00bbdefault\u00bb background_color=\u00bb#91293a\u00bb background_enable_image=\u00bboff\u00bb custom_margin=\u00bb||3px||false|false\u00bb][et_pb_row column_structure=\u00bb2_5,3_5&#8243; _builder_version=\u00bb4.16&#8243; _module_preset=\u00bbdefault\u00bb custom_margin=\u00bb||0px||false|false\u00bb][et_pb_column type=\u00bb2_5&#8243; _builder_version=\u00bb4.16&#8243; _module_preset=\u00bbdefault\u00bb][et_pb_text _builder_version=\u00bb4.5.0&#8243; _module_preset=\u00bbdefault\u00bb text_text_color=\u00bb#ffffff\u00bb text_font_size=\u00bb26px\u00bb text_line_height=\u00bb1em\u00bb custom_margin=\u00bb|-13px|||false|false\u00bb custom_padding=\u00bb||0px||false|false\u00bb]<\/p>\n<p style=\"text-align: left;\">Obligaciones Comunes Indesalud<\/p>\n<p>[\/et_pb_text][\/et_pb_column][et_pb_column type=\u00bb3_5&#8243; _builder_version=\u00bb4.16&#8243; _module_preset=\u00bbdefault\u00bb][\/et_pb_column][\/et_pb_row][et_pb_row _builder_version=\u00bb4.5.0&#8243; _module_preset=\u00bbdefault\u00bb][et_pb_column type=\u00bb4_4&#8243; _builder_version=\u00bb4.5.0&#8243; _module_preset=\u00bbdefault\u00bb][et_pb_text _builder_version=\u00bb4.5.0&#8243; _module_preset=\u00bbdefault\u00bb text_text_color=\u00bb#ffffff\u00bb custom_margin=\u00bb-38px||||false|false\u00bb]<\/p>\n<div class=\"et_pb_blurb_description\">\n<div class=\"et_pb_blurb_description\">\n<p style=\"text-align: justify;\">Son&nbsp;aquellas&nbsp;que&nbsp;describen&nbsp;la&nbsp;informaci\u00f3n&nbsp;que&nbsp;deber\u00e1n&nbsp;poner&nbsp;a&nbsp;disposici\u00f3n&nbsp;de&nbsp;los&nbsp;particularesy&nbsp;mantener&nbsp;actualizada&nbsp;en&nbsp;los&nbsp;sitios&nbsp;de&nbsp;Internet&nbsp;correspondientes y&nbsp;en&nbsp;la&nbsp;Plataforma&nbsp;Nacional&nbsp;todos&nbsp;los&nbsp;obligados,&nbsp;sin&nbsp;excepci\u00f3n&nbsp;alguna,&nbsp;y&nbsp;que&nbsp;se&nbsp;refieren&nbsp;a&nbsp;temas,&nbsp;documentos&nbsp;y&nbsp;pol\u00edticas&nbsp;que&nbsp;aquellos&nbsp;poseen&nbsp;en ejercicio de sus facultades, &nbsp;obligaciones y el uso de recursos p\u00fablicos, respecto de: su organizaci\u00f3n interna y funcionamiento, atenci\u00f3n al p\u00fablico, ejercicio de los recursos p\u00fablicos, determinaciones institucionales, estudios, ingresos recibidos y donaciones realizadas, organizaci\u00f3n de archivos, entre otros.<\/p>\n<p style=\"text-align: left;\">Los sujetos obligados deber\u00e1n mantener actualizada, por lo menos cada tres meses, la informaci\u00f3n para el cumplimiento de sus obligaciones en materia de transparencia, salvo que la Ley General, la presente Ley y otras disposiciones normativas establezcan un plazo diverso.<\/p>\n<\/div>\n<\/div>\n<p>[\/et_pb_text][\/et_pb_column][\/et_pb_row][\/et_pb_section][et_pb_section fb_built=\u00bb1&#8243; _builder_version=\u00bb4.5.0&#8243; background_color=\u00bb#ffffff\u00bb custom_margin=\u00bb0px||||false|false\u00bb custom_padding=\u00bb0px||0px||false|false\u00bb][et_pb_row column_structure=\u00bb1_2,1_2&#8243; _builder_version=\u00bb4.16&#8243; max_width=\u00bb80%\u00bb][et_pb_column type=\u00bb1_2&#8243; _builder_version=\u00bb4.16&#8243;][et_pb_blurb title=\u00bbART\u00cdCULO 71&#8243; url=\u00bb@ET-DC@eyJkeW5hbWljIjp0cnVlLCJjb250ZW50IjoicG9zdF9saW5rX3VybF9wYWdlIiwic2V0dGluZ3MiOnsicG9zdF9pZCI6IjQ2OSJ9fQ==@\u00bb url_new_window=\u00bbon\u00bb use_icon=\u00bbon\u00bb font_icon=\u00bb%%168%%\u00bb icon_color=\u00bb#af272f\u00bb icon_placement=\u00bbleft\u00bb _builder_version=\u00bb4.5.0&#8243; _dynamic_attributes=\u00bburl\u00bb header_font=\u00bb|700|||||||\u00bb header_text_color=\u00bb#af272f\u00bb header_font_size=\u00bb17px\u00bb body_text_color=\u00bb#af272f\u00bb]<\/p>\n<p><span>Adem\u00e1s de lo se\u00f1alado en el art\u00edculo anterior de la presente Ley, los Sujetos Obligados de los Poderes Ejecutivos Federal, de las Entidades Federativas y Municipales, deber\u00e1n poner a disposici\u00f3n del p\u00fablico y actualizar la siguiente informaci\u00f3n:<\/span><\/p>\n<p>[\/et_pb_blurb][\/et_pb_column][et_pb_column type=\u00bb1_2&#8243; _builder_version=\u00bb4.16&#8243;][et_pb_blurb title=\u00bbART\u00cdCULO 75&#8243; url=\u00bb@ET-DC@eyJkeW5hbWljIjp0cnVlLCJjb250ZW50IjoicG9zdF9saW5rX3VybF9wYWdlIiwic2V0dGluZ3MiOnsicG9zdF9pZCI6IjQ2OSJ9fQ==@\u00bb url_new_window=\u00bbon\u00bb use_icon=\u00bbon\u00bb font_icon=\u00bb%%168%%\u00bb icon_color=\u00bb#af272f\u00bb icon_placement=\u00bbleft\u00bb _builder_version=\u00bb4.5.0&#8243; _dynamic_attributes=\u00bburl\u00bb header_font=\u00bb|700|||||||\u00bb header_text_color=\u00bb#af272f\u00bb header_font_size=\u00bb17px\u00bb body_text_color=\u00bb#af272f\u00bb]<\/p>\n<p><span>Adem\u00e1s de lo se\u00f1alado en el Art\u00edculo anterior de la presente Ley, los Sujetos Obligados del Poder Ejecutivo del Estado deber\u00e1n poner a disposici\u00f3n del p\u00fablico y actualizar la siguiente informaci\u00f3n: el \u00d3rgano Ejecutorio del Distrito Federal y los Municipios.<\/span><\/p>\n<p>[\/et_pb_blurb][\/et_pb_column][\/et_pb_row][\/et_pb_section]<\/p>\n\n\n<iframe style=\"width:100%;max-width:100%;height:900px\" src=\"https:\/\/transparenciasalud.campeche.gob.mx\/obligaciones-comunes-indesalud\/\" class=\"\" frameborder=\"0\"><\/iframe>\n","protected":false},"excerpt":{"rendered":"<p>[et_pb_section fb_built=\u00bb1&#8243; _builder_version=\u00bb4.5.0&#8243; _module_preset=\u00bbdefault\u00bb background_color=\u00bb#91293a\u00bb background_enable_image=\u00bboff\u00bb custom_margin=\u00bb||3px||false|false\u00bb][et_pb_row column_structure=\u00bb2_5,3_5&#8243; _builder_version=\u00bb4.16&#8243; _module_preset=\u00bbdefault\u00bb custom_margin=\u00bb||0px||false|false\u00bb][et_pb_column type=\u00bb2_5&#8243; _builder_version=\u00bb4.16&#8243; _module_preset=\u00bbdefault\u00bb][et_pb_text _builder_version=\u00bb4.5.0&#8243; _module_preset=\u00bbdefault\u00bb text_text_color=\u00bb#ffffff\u00bb text_font_size=\u00bb26px\u00bb text_line_height=\u00bb1em\u00bb custom_margin=\u00bb|-13px|||false|false\u00bb custom_padding=\u00bb||0px||false|false\u00bb] Obligaciones Comunes Indesalud [\/et_pb_text][\/et_pb_column][et_pb_column type=\u00bb3_5&#8243; _builder_version=\u00bb4.16&#8243; _module_preset=\u00bbdefault\u00bb][\/et_pb_column][\/et_pb_row][et_pb_row _builder_version=\u00bb4.5.0&#8243; _module_preset=\u00bbdefault\u00bb][et_pb_column type=\u00bb4_4&#8243; _builder_version=\u00bb4.5.0&#8243; _module_preset=\u00bbdefault\u00bb][et_pb_text _builder_version=\u00bb4.5.0&#8243; _module_preset=\u00bbdefault\u00bb text_text_color=\u00bb#ffffff\u00bb custom_margin=\u00bb-38px||||false|false\u00bb] Son&nbsp;aquellas&nbsp;que&nbsp;describen&nbsp;la&nbsp;informaci\u00f3n&nbsp;que&nbsp;deber\u00e1n&nbsp;poner&nbsp;a&nbsp;disposici\u00f3n&nbsp;de&nbsp;los&nbsp;particularesy&nbsp;mantener&nbsp;actualizada&nbsp;en&nbsp;los&nbsp;sitios&nbsp;de&nbsp;Internet&nbsp;correspondientes y&nbsp;en&nbsp;la&nbsp;Plataforma&nbsp;Nacional&nbsp;todos&nbsp;los&nbsp;obligados,&nbsp;sin&nbsp;excepci\u00f3n&nbsp;alguna,&nbsp;y&nbsp;que&nbsp;se&nbsp;refieren&nbsp;a&nbsp;temas,&nbsp;documentos&nbsp;y&nbsp;pol\u00edticas&nbsp;que&nbsp;aquellos&nbsp;poseen&nbsp;en ejercicio de sus facultades, &nbsp;obligaciones y el uso de recursos p\u00fablicos, respecto de: su organizaci\u00f3n interna [&hellip;]<\/p>\n","protected":false},"author":1,"featured_media":0,"parent":0,"menu_order":0,"comment_status":"closed","ping_status":"closed","template":"","meta":{"_et_pb_use_builder":"on","_et_pb_old_content":"","_et_gb_content_width":"","footnotes":""},"class_list":["post-386","page","type-page","status-publish","hentry"],"acf":[],"jetpack_sharing_enabled":true,"_links":{"self":[{"href":"https:\/\/salud.campeche.gob.mx\/index.php?rest_route=\/wp\/v2\/pages\/386","targetHints":{"allow":["GET"]}}],"collection":[{"href":"https:\/\/salud.campeche.gob.mx\/index.php?rest_route=\/wp\/v2\/pages"}],"about":[{"href":"https:\/\/salud.campeche.gob.mx\/index.php?rest_route=\/wp\/v2\/types\/page"}],"author":[{"embeddable":true,"href":"https:\/\/salud.campeche.gob.mx\/index.php?rest_route=\/wp\/v2\/users\/1"}],"replies":[{"embeddable":true,"href":"https:\/\/salud.campeche.gob.mx\/index.php?rest_route=%2Fwp%2Fv2%2Fcomments&post=386"}],"version-history":[{"count":6,"href":"https:\/\/salud.campeche.gob.mx\/index.php?rest_route=\/wp\/v2\/pages\/386\/revisions"}],"predecessor-version":[{"id":900,"href":"https:\/\/salud.campeche.gob.mx\/index.php?rest_route=\/wp\/v2\/pages\/386\/revisions\/900"}],"wp:attachment":[{"href":"https:\/\/salud.campeche.gob.mx\/index.php?rest_route=%2Fwp%2Fv2%2Fmedia&parent=386"}],"curies":[{"name":"wp","href":"https:\/\/api.w.org\/{rel}","templated":true}]}}