{"id":388,"date":"2022-12-07T01:32:40","date_gmt":"2022-12-07T01:32:40","guid":{"rendered":"https:\/\/salud.campeche.gob.mx\/?page_id=388"},"modified":"2023-02-08T19:35:50","modified_gmt":"2023-02-08T19:35:50","slug":"obligaciones-especificas-indesalud","status":"publish","type":"page","link":"https:\/\/salud.campeche.gob.mx\/?page_id=388","title":{"rendered":"Obligaciones especificas indesalud"},"content":{"rendered":"<p>[et_pb_section fb_built=\u00bb1&#8243; _builder_version=\u00bb4.5.0&#8243; _module_preset=\u00bbdefault\u00bb background_color=\u00bb#91293a\u00bb background_enable_image=\u00bboff\u00bb custom_margin=\u00bb||3px||false|false\u00bb][et_pb_row column_structure=\u00bb2_5,3_5&#8243; _builder_version=\u00bb4.16&#8243; _module_preset=\u00bbdefault\u00bb custom_margin=\u00bb||0px||false|false\u00bb][et_pb_column type=\u00bb2_5&#8243; _builder_version=\u00bb4.16&#8243; _module_preset=\u00bbdefault\u00bb][et_pb_text _builder_version=\u00bb4.5.0&#8243; _module_preset=\u00bbdefault\u00bb text_text_color=\u00bb#ffffff\u00bb text_font_size=\u00bb26px\u00bb custom_margin=\u00bb|-34px|||false|false\u00bb custom_padding=\u00bb||0px||false|false\u00bb]<\/p>\n<p style=\"text-align: left;\">Obligaciones Espec\u00edficas Indesalud<\/p>\n<p>[\/et_pb_text][\/et_pb_column][et_pb_column type=\u00bb3_5&#8243; _builder_version=\u00bb4.16&#8243; _module_preset=\u00bbdefault\u00bb][\/et_pb_column][\/et_pb_row][et_pb_row _builder_version=\u00bb4.5.0&#8243; _module_preset=\u00bbdefault\u00bb][et_pb_column type=\u00bb4_4&#8243; _builder_version=\u00bb4.5.0&#8243; _module_preset=\u00bbdefault\u00bb][et_pb_text _builder_version=\u00bb4.5.0&#8243; _module_preset=\u00bbdefault\u00bb text_text_color=\u00bb#ffffff\u00bb custom_margin=\u00bb-38px||||false|false\u00bb]<\/p>\n<div class=\"et_pb_blurb_description\">\n<div class=\"et_pb_blurb_description\">Constituyen la informaci\u00f3n que producen s\u00f3lo determinados Sujetos Obligados a partir de su figura Legal, Atribuciones, Facultades y\/o su Objeto Social. Adem\u00e1s de lo se\u00f1alado en el Articulo anterior de la presente Ley, los Sujetos Obligados del Poder Ejecutivo del Estado deber\u00e1n poner a disposici\u00f3n del p\u00fablico y actualizar la siguiente informaci\u00f3n:<\/div>\n<\/div>\n<p>[\/et_pb_text][\/et_pb_column][\/et_pb_row][\/et_pb_section][et_pb_section fb_built=\u00bb1&#8243; _builder_version=\u00bb4.5.0&#8243; background_color=\u00bb#ffffff\u00bb custom_margin=\u00bb0px||||false|false\u00bb custom_padding=\u00bb0px||0px||false|false\u00bb][et_pb_row column_structure=\u00bb1_2,1_2&#8243; _builder_version=\u00bb4.16&#8243; max_width=\u00bb80%\u00bb][et_pb_column type=\u00bb1_2&#8243; _builder_version=\u00bb4.16&#8243;][et_pb_blurb title=\u00bbART\u00cdCULO 71&#8243; url=\u00bb@ET-DC@eyJkeW5hbWljIjp0cnVlLCJjb250ZW50IjoicG9zdF9saW5rX3VybF9wYWdlIiwic2V0dGluZ3MiOnsicG9zdF9pZCI6IjQ2OSJ9fQ==@\u00bb url_new_window=\u00bbon\u00bb use_icon=\u00bbon\u00bb font_icon=\u00bb%%168%%\u00bb icon_color=\u00bb#af272f\u00bb icon_placement=\u00bbleft\u00bb _builder_version=\u00bb4.5.0&#8243; _dynamic_attributes=\u00bburl\u00bb header_font=\u00bb|700|||||||\u00bb header_text_color=\u00bb#af272f\u00bb header_font_size=\u00bb17px\u00bb body_text_color=\u00bb#af272f\u00bb]<\/p>\n<p><span>Adem\u00e1s de lo se\u00f1alado en el art\u00edculo anterior de la presente Ley, los Sujetos Obligados de los Poderes Ejecutivos Federal, de las Entidades Federativas y Municipales, deber\u00e1n poner a disposici\u00f3n del p\u00fablico y actualizar la siguiente informaci\u00f3n:<\/span><\/p>\n<p>[\/et_pb_blurb][\/et_pb_column][et_pb_column type=\u00bb1_2&#8243; _builder_version=\u00bb4.16&#8243;][et_pb_blurb title=\u00bbART\u00cdCULO 75&#8243; url=\u00bb@ET-DC@eyJkeW5hbWljIjp0cnVlLCJjb250ZW50IjoicG9zdF9saW5rX3VybF9wYWdlIiwic2V0dGluZ3MiOnsicG9zdF9pZCI6IjQ2OSJ9fQ==@\u00bb url_new_window=\u00bbon\u00bb use_icon=\u00bbon\u00bb font_icon=\u00bb%%168%%\u00bb icon_color=\u00bb#af272f\u00bb icon_placement=\u00bbleft\u00bb _builder_version=\u00bb4.5.0&#8243; _dynamic_attributes=\u00bburl\u00bb header_font=\u00bb|700|||||||\u00bb header_text_color=\u00bb#af272f\u00bb header_font_size=\u00bb17px\u00bb body_text_color=\u00bb#af272f\u00bb]<\/p>\n<p><span>Adem\u00e1s de lo se\u00f1alado en el Art\u00edculo anterior de la presente Ley, los Sujetos Obligados del Poder Ejecutivo del Estado deber\u00e1n poner a disposici\u00f3n del p\u00fablico y actualizar la siguiente informaci\u00f3n: el \u00d3rgano Ejecutorio del Distrito Federal y los Municipios.<\/span><\/p>\n<p>[\/et_pb_blurb][\/et_pb_column][\/et_pb_row][\/et_pb_section]<\/p>\n\n\n<iframe style=\"width:100%;max-width:100%;height:900px\" src=\"https:\/\/transparenciasalud.campeche.gob.mx\/obligaciones-especificas-indesalud\/\" class=\"\" frameborder=\"0\"><\/iframe>\n","protected":false},"excerpt":{"rendered":"<p>[et_pb_section fb_built=\u00bb1&#8243; _builder_version=\u00bb4.5.0&#8243; _module_preset=\u00bbdefault\u00bb background_color=\u00bb#91293a\u00bb background_enable_image=\u00bboff\u00bb custom_margin=\u00bb||3px||false|false\u00bb][et_pb_row column_structure=\u00bb2_5,3_5&#8243; _builder_version=\u00bb4.16&#8243; _module_preset=\u00bbdefault\u00bb custom_margin=\u00bb||0px||false|false\u00bb][et_pb_column type=\u00bb2_5&#8243; _builder_version=\u00bb4.16&#8243; _module_preset=\u00bbdefault\u00bb][et_pb_text _builder_version=\u00bb4.5.0&#8243; _module_preset=\u00bbdefault\u00bb text_text_color=\u00bb#ffffff\u00bb text_font_size=\u00bb26px\u00bb custom_margin=\u00bb|-34px|||false|false\u00bb custom_padding=\u00bb||0px||false|false\u00bb] Obligaciones Espec\u00edficas Indesalud [\/et_pb_text][\/et_pb_column][et_pb_column type=\u00bb3_5&#8243; _builder_version=\u00bb4.16&#8243; _module_preset=\u00bbdefault\u00bb][\/et_pb_column][\/et_pb_row][et_pb_row _builder_version=\u00bb4.5.0&#8243; _module_preset=\u00bbdefault\u00bb][et_pb_column type=\u00bb4_4&#8243; _builder_version=\u00bb4.5.0&#8243; _module_preset=\u00bbdefault\u00bb][et_pb_text _builder_version=\u00bb4.5.0&#8243; _module_preset=\u00bbdefault\u00bb text_text_color=\u00bb#ffffff\u00bb custom_margin=\u00bb-38px||||false|false\u00bb] Constituyen la informaci\u00f3n que producen s\u00f3lo determinados Sujetos Obligados a partir de su figura Legal, Atribuciones, Facultades y\/o su [&hellip;]<\/p>\n","protected":false},"author":1,"featured_media":0,"parent":0,"menu_order":0,"comment_status":"closed","ping_status":"closed","template":"","meta":{"_et_pb_use_builder":"on","_et_pb_old_content":"","_et_gb_content_width":"","footnotes":""},"class_list":["post-388","page","type-page","status-publish","hentry"],"acf":[],"jetpack_sharing_enabled":true,"_links":{"self":[{"href":"https:\/\/salud.campeche.gob.mx\/index.php?rest_route=\/wp\/v2\/pages\/388","targetHints":{"allow":["GET"]}}],"collection":[{"href":"https:\/\/salud.campeche.gob.mx\/index.php?rest_route=\/wp\/v2\/pages"}],"about":[{"href":"https:\/\/salud.campeche.gob.mx\/index.php?rest_route=\/wp\/v2\/types\/page"}],"author":[{"embeddable":true,"href":"https:\/\/salud.campeche.gob.mx\/index.php?rest_route=\/wp\/v2\/users\/1"}],"replies":[{"embeddable":true,"href":"https:\/\/salud.campeche.gob.mx\/index.php?rest_route=%2Fwp%2Fv2%2Fcomments&post=388"}],"version-history":[{"count":8,"href":"https:\/\/salud.campeche.gob.mx\/index.php?rest_route=\/wp\/v2\/pages\/388\/revisions"}],"predecessor-version":[{"id":902,"href":"https:\/\/salud.campeche.gob.mx\/index.php?rest_route=\/wp\/v2\/pages\/388\/revisions\/902"}],"wp:attachment":[{"href":"https:\/\/salud.campeche.gob.mx\/index.php?rest_route=%2Fwp%2Fv2%2Fmedia&parent=388"}],"curies":[{"name":"wp","href":"https:\/\/api.w.org\/{rel}","templated":true}]}}