{"id":924,"date":"2023-02-09T19:28:30","date_gmt":"2023-02-09T19:28:30","guid":{"rendered":"https:\/\/salud.campeche.gob.mx\/?page_id=924"},"modified":"2023-02-09T19:47:18","modified_gmt":"2023-02-09T19:47:18","slug":"salud-mental-y-adicciones-2","status":"publish","type":"page","link":"https:\/\/salud.campeche.gob.mx\/?page_id=924","title":{"rendered":"Salud Mental y Adicciones"},"content":{"rendered":"<p>[et_pb_section fb_built=\u00bb1&#8243; _builder_version=\u00bb4.5.0&#8243; _module_preset=\u00bbdefault\u00bb background_color=\u00bb#91293a\u00bb background_image=\u00bbhttps:\/\/salud.campeche.gob.mx\/wp-content\/uploads\/2022\/12\/fondorojo-1.jpg\u00bb custom_margin=\u00bb||3px||false|false\u00bb][et_pb_row _builder_version=\u00bb4.5.0&#8243; _module_preset=\u00bbdefault\u00bb][et_pb_column type=\u00bb4_4&#8243; _builder_version=\u00bb4.5.0&#8243; _module_preset=\u00bbdefault\u00bb][et_pb_post_title meta=\u00bboff\u00bb featured_image=\u00bboff\u00bb _builder_version=\u00bb4.5.0&#8243; _module_preset=\u00bbdefault\u00bb][\/et_pb_post_title][\/et_pb_column][\/et_pb_row][\/et_pb_section][et_pb_section fb_built=\u00bb1&#8243; _builder_version=\u00bb4.5.0&#8243; background_color=\u00bb#ffffff\u00bb custom_margin=\u00bb0px||||false|false\u00bb custom_padding=\u00bb0px||0px||false|false\u00bb][et_pb_row column_structure=\u00bb2_5,3_5&#8243; _builder_version=\u00bb4.16&#8243; max_width=\u00bb80%\u00bb][et_pb_column type=\u00bb2_5&#8243; _builder_version=\u00bb4.16&#8243;][et_pb_image src=\u00bbhttps:\/\/salud.campeche.gob.mx\/wp-content\/uploads\/2023\/02\/306943344_2681681285300089_7346080775571923100_n.jpg\u00bb title_text=\u00bb306943344_2681681285300089_7346080775571923100_n\u00bb _builder_version=\u00bb4.5.0&#8243; _module_preset=\u00bbdefault\u00bb width=\u00bb100%\u00bb hover_enabled=\u00bb0&#8243;][\/et_pb_image][et_pb_image src=\u00bbhttps:\/\/salud.campeche.gob.mx\/wp-content\/uploads\/2023\/02\/327349987_1439317220207101_7377139953840909286_n.jpg\u00bb _builder_version=\u00bb4.5.0&#8243; _module_preset=\u00bbdefault\u00bb title_text=\u00bb327349987_1439317220207101_7377139953840909286_n\u00bb hover_enabled=\u00bb0&#8243;][\/et_pb_image][\/et_pb_column][et_pb_column type=\u00bb3_5&#8243; _builder_version=\u00bb4.16&#8243;][et_pb_text _builder_version=\u00bb4.5.0&#8243; _module_preset=\u00bbdefault\u00bb text_font_size=\u00bb12px\u00bb hover_enabled=\u00bb0&#8243;]<\/p>\n<p><strong>Objetivo<\/strong>. Contribuir al bienestar de la poblaci\u00f3n, a trav\u00e9s del acceso universal a la informaci\u00f3n y servicios de salud mental y adicciones con competencia t\u00e9cnica, evidencia cient\u00edfica, principios de igualdad, pertinencia sociocultural, no discriminatoria y respeto a los derechos humanos.<\/p>\n<p><strong>Atenci\u00f3n Especializada:<\/strong><\/p>\n<ul>\n<li>UNEME CAPA (Centro de Atenci\u00f3n Primaria en Adicciones)<\/li>\n<\/ul>\n<p>Ofrece intervenci\u00f3n temprana contra las adicciones, desde la prevenci\u00f3n de consumo de sustancia, promoci\u00f3n de la salud mental, con tratamiento breve, ambulatorio, accesible y de calidad.\u00a0\u00a0\u00a0\u00a0\u00a0\u00a0<\/p>\n<p><strong>UNEME CAPA Campeche:<\/strong> Calle Topacio s\/n entre Dolomita y Fluorita, Col. Minas Tel. 981 82 35-125 y 981\u00a0 10 52 619. Coordinador. Dr. Carlos Porfirio Delgado Chuc.<\/p>\n<p><strong>UNEME CAPA Carmen:<\/strong> Calle 56 s\/n Col. Petrolera, a espalda del Hospital General \u201cDra. Mar\u00eda del Socorro Quiroga Aguilar\u201d Tel. 938 38 22 029 y 981 11 13 342. Coordinador Psic. Miriam Alvarado Cruz.<\/p>\n<p><strong>UNEME CAPA Esc\u00e1rcega:<\/strong> Calle 52 A por 59 y 61 Col. Carlos Salinas de Gortari, Tel. 981 81 85 675. Coordinador Psic. Yuvixa Daleth Arjona Ahumada.<\/p>\n<p><strong>UNEME CAPA Candelaria:<\/strong> Av. 1 de Julio s\/n Col. Independencia, Tel. 982 82 60 892 y 981 18 22 356. Coordinador Psic. Erika Vera Cauich.<\/p>\n<p><strong>UNEME CISAME (Centro Integral de Salud Mental)<\/strong><\/p>\n<p>Brinda atenci\u00f3n a las personas con depresi\u00f3n, estr\u00e9s, ansiedad, ideaci\u00f3n, conducta e intento suicida. Se ubica en Calle Josefa Ortiz de Dom\u00ednguez (A un costado del Centro de Salud Morelos, en la Ciudad de San Francisco de Campeche). <strong><em>Horario lunes a viernes de 08:00-20:00 hrs. Tel.9812814495 y 9812814387. Coordinador Psic. Jos\u00e9 Enrique Montalvo L\u00f3pez.<\/em><\/strong><\/p>\n<p>&nbsp;<\/p>\n<p>[\/et_pb_text][\/et_pb_column][\/et_pb_row][\/et_pb_section][et_pb_section fb_built=\u00bb1&#8243; _builder_version=\u00bb4.5.0&#8243; _module_preset=\u00bbdefault\u00bb][et_pb_row column_structure=\u00bb1_4,1_4,1_4,1_4&#8243; _builder_version=\u00bb4.5.0&#8243; _module_preset=\u00bbdefault\u00bb][et_pb_column type=\u00bb1_4&#8243; _builder_version=\u00bb4.5.0&#8243; _module_preset=\u00bbdefault\u00bb][et_pb_text _builder_version=\u00bb4.5.0&#8243; _module_preset=\u00bbdefault\u00bb text_text_color=\u00bb#91293a\u00bb text_font_size=\u00bb20px\u00bb header_text_color=\u00bbrgba(0,0,0,0)\u00bb]<\/p>\n<p style=\"text-align: center;\">Servicio 1<\/p>\n<p>[\/et_pb_text][\/et_pb_column][et_pb_column type=\u00bb1_4&#8243; _builder_version=\u00bb4.5.0&#8243; _module_preset=\u00bbdefault\u00bb][et_pb_text _builder_version=\u00bb4.5.0&#8243; _module_preset=\u00bbdefault\u00bb text_text_color=\u00bb#91293a\u00bb text_font_size=\u00bb20px\u00bb header_text_color=\u00bbrgba(0,0,0,0)\u00bb]<\/p>\n<p style=\"text-align: center;\">Servicio 2<\/p>\n<p>[\/et_pb_text][\/et_pb_column][et_pb_column type=\u00bb1_4&#8243; _builder_version=\u00bb4.5.0&#8243; _module_preset=\u00bbdefault\u00bb][et_pb_text _builder_version=\u00bb4.5.0&#8243; _module_preset=\u00bbdefault\u00bb text_text_color=\u00bb#91293a\u00bb text_font_size=\u00bb20px\u00bb header_text_color=\u00bbrgba(0,0,0,0)\u00bb]<\/p>\n<p style=\"text-align: center;\">Servicio 3<\/p>\n<p>[\/et_pb_text][\/et_pb_column][et_pb_column type=\u00bb1_4&#8243; _builder_version=\u00bb4.5.0&#8243; _module_preset=\u00bbdefault\u00bb][et_pb_text _builder_version=\u00bb4.5.0&#8243; _module_preset=\u00bbdefault\u00bb text_text_color=\u00bb#91293a\u00bb text_font_size=\u00bb20px\u00bb header_text_color=\u00bbrgba(0,0,0,0)\u00bb]<\/p>\n<p style=\"text-align: center;\">Servicio 4<\/p>\n<p>[\/et_pb_text][\/et_pb_column][\/et_pb_row][\/et_pb_section][et_pb_section fb_built=\u00bb1&#8243; _builder_version=\u00bb4.5.0&#8243; background_color=\u00bb#91293a\u00bb custom_margin=\u00bb0px||||false|false\u00bb custom_padding=\u00bb0px||0px||false|false\u00bb][et_pb_row column_structure=\u00bb1_3,1_3,1_3&#8243; _builder_version=\u00bb4.16&#8243; max_width=\u00bb80%\u00bb][et_pb_column type=\u00bb1_3&#8243; _builder_version=\u00bb4.16&#8243;][\/et_pb_column][et_pb_column type=\u00bb1_3&#8243; _builder_version=\u00bb4.16&#8243;][et_pb_text _builder_version=\u00bb4.5.0&#8243; _module_preset=\u00bbdefault\u00bb text_text_color=\u00bb#ffffff\u00bb header_font_size=\u00bb20px\u00bb custom_margin=\u00bb||2px||false|false\u00bb]<\/p>\n<h1 style=\"text-align: center;\">Hospital de especialidades de Campeche<\/h1>\n<p>[\/et_pb_text][et_pb_text _builder_version=\u00bb4.5.0&#8243; _module_preset=\u00bbdefault\u00bb text_text_color=\u00bb#ffffff\u00bb]<\/p>\n<p style=\"text-align: center;\">Las Flores, 24097 Campeche, Camp.<\/p>\n<p>[\/et_pb_text][\/et_pb_column][et_pb_column type=\u00bb1_3&#8243; _builder_version=\u00bb4.5.0&#8243; _module_preset=\u00bbdefault\u00bb][\/et_pb_column][\/et_pb_row][\/et_pb_section]<\/p>\n","protected":false},"excerpt":{"rendered":"<p>[et_pb_section fb_built=\u00bb1&#8243; _builder_version=\u00bb4.5.0&#8243; _module_preset=\u00bbdefault\u00bb background_color=\u00bb#91293a\u00bb background_image=\u00bbhttps:\/\/salud.campeche.gob.mx\/wp-content\/uploads\/2022\/12\/fondorojo-1.jpg\u00bb custom_margin=\u00bb||3px||false|false\u00bb][et_pb_row _builder_version=\u00bb4.5.0&#8243; _module_preset=\u00bbdefault\u00bb][et_pb_column type=\u00bb4_4&#8243; _builder_version=\u00bb4.5.0&#8243; _module_preset=\u00bbdefault\u00bb][et_pb_post_title meta=\u00bboff\u00bb featured_image=\u00bboff\u00bb _builder_version=\u00bb4.5.0&#8243; _module_preset=\u00bbdefault\u00bb][\/et_pb_post_title][\/et_pb_column][\/et_pb_row][\/et_pb_section][et_pb_section fb_built=\u00bb1&#8243; _builder_version=\u00bb4.5.0&#8243; background_color=\u00bb#ffffff\u00bb custom_margin=\u00bb0px||||false|false\u00bb custom_padding=\u00bb0px||0px||false|false\u00bb][et_pb_row column_structure=\u00bb2_5,3_5&#8243; _builder_version=\u00bb4.16&#8243; max_width=\u00bb80%\u00bb][et_pb_column type=\u00bb2_5&#8243; _builder_version=\u00bb4.16&#8243;][et_pb_image src=\u00bbhttps:\/\/salud.campeche.gob.mx\/wp-content\/uploads\/2023\/02\/306943344_2681681285300089_7346080775571923100_n.jpg\u00bb title_text=\u00bb306943344_2681681285300089_7346080775571923100_n\u00bb _builder_version=\u00bb4.5.0&#8243; _module_preset=\u00bbdefault\u00bb width=\u00bb100%\u00bb hover_enabled=\u00bb0&#8243;][\/et_pb_image][et_pb_image src=\u00bbhttps:\/\/salud.campeche.gob.mx\/wp-content\/uploads\/2023\/02\/327349987_1439317220207101_7377139953840909286_n.jpg\u00bb _builder_version=\u00bb4.5.0&#8243; _module_preset=\u00bbdefault\u00bb title_text=\u00bb327349987_1439317220207101_7377139953840909286_n\u00bb hover_enabled=\u00bb0&#8243;][\/et_pb_image][\/et_pb_column][et_pb_column type=\u00bb3_5&#8243; _builder_version=\u00bb4.16&#8243;][et_pb_text _builder_version=\u00bb4.5.0&#8243; _module_preset=\u00bbdefault\u00bb text_font_size=\u00bb12px\u00bb hover_enabled=\u00bb0&#8243;] Objetivo. Contribuir al bienestar de la poblaci\u00f3n, a trav\u00e9s del acceso universal [&hellip;]<\/p>\n","protected":false},"author":2,"featured_media":0,"parent":0,"menu_order":0,"comment_status":"closed","ping_status":"closed","template":"","meta":{"_et_pb_use_builder":"on","_et_pb_old_content":"","_et_gb_content_width":"","footnotes":""},"class_list":["post-924","page","type-page","status-publish","hentry"],"acf":[],"jetpack_sharing_enabled":true,"_links":{"self":[{"href":"https:\/\/salud.campeche.gob.mx\/index.php?rest_route=\/wp\/v2\/pages\/924","targetHints":{"allow":["GET"]}}],"collection":[{"href":"https:\/\/salud.campeche.gob.mx\/index.php?rest_route=\/wp\/v2\/pages"}],"about":[{"href":"https:\/\/salud.campeche.gob.mx\/index.php?rest_route=\/wp\/v2\/types\/page"}],"author":[{"embeddable":true,"href":"https:\/\/salud.campeche.gob.mx\/index.php?rest_route=\/wp\/v2\/users\/2"}],"replies":[{"embeddable":true,"href":"https:\/\/salud.campeche.gob.mx\/index.php?rest_route=%2Fwp%2Fv2%2Fcomments&post=924"}],"version-history":[{"count":3,"href":"https:\/\/salud.campeche.gob.mx\/index.php?rest_route=\/wp\/v2\/pages\/924\/revisions"}],"predecessor-version":[{"id":930,"href":"https:\/\/salud.campeche.gob.mx\/index.php?rest_route=\/wp\/v2\/pages\/924\/revisions\/930"}],"wp:attachment":[{"href":"https:\/\/salud.campeche.gob.mx\/index.php?rest_route=%2Fwp%2Fv2%2Fmedia&parent=924"}],"curies":[{"name":"wp","href":"https:\/\/api.w.org\/{rel}","templated":true}]}}